{"id":95,"date":"2013-05-11T21:24:00","date_gmt":"2013-05-12T00:24:00","guid":{"rendered":"http:\/\/negocioshoy.com.uy\/clasificados\/?page_id=95"},"modified":"2016-11-16T20:04:18","modified_gmt":"2016-11-16T23:04:18","slug":"ayuda","status":"publish","type":"page","link":"https:\/\/www.tararirashoy.com.uy\/clasificados\/?page_id=95","title":{"rendered":"AYUDA"},"content":{"rendered":"<p>En estas l\u00edneas podr\u00e1 sacarse todas las dudas respecto a este sitio web, aunque en resumen le contamos que la secci\u00f3n de Avisos Clasificados de NegociosHOY.com.uy es el nexo entre las personas que deseen alquilar o vender alg\u00fan art\u00edculo y las personas que desean comprar.<\/p>\n<p>&nbsp;<\/p>\n<p><b>\u00bfQue es Clasificados de NegociosHOY.com.uy?<\/b><\/p>\n<p><b><\/b>B\u00e1sicamente es un sitio web que naci\u00f3 de la necesidad de tener un lugar de b\u00fasqueda, organizado y gratuito con la mayor cantidad de art\u00edculos para hacer negocios de forma segura dentro del departamento de Colonia.<\/p>\n<p>&nbsp;<\/p>\n<p><b>\u00bfQu\u00e9 encontrar\u00e1 en Clasificados de NegociosHOY.com.uy?<\/b><\/p>\n<p><b><\/b>En esta p\u00e1gina encontrar\u00e1 avisos varios de diferentes art\u00edculos que se alquilan o venden.<\/p>\n<p>&nbsp;<\/p>\n<p><b>\u00bfPara que sirve Clasificados de NegociosHOY.com.uy?<\/b><\/p>\n<p><b><\/b><span style=\"text-decoration: underline;\">Como <\/span><span style=\"text-decoration: underline;\">comprador<\/span><span style=\"text-decoration: underline;\">:<\/span> Sirve para encontrar m\u00e1s r\u00e1pida y c\u00f3modamente art\u00edculos de su necesidad. Ya que este sitio esta disponible las 24 horas, los 365 d\u00edas del a\u00f1o y es accesible desde cualquier parte.<\/p>\n<p><span style=\"text-decoration: underline;\">Como <\/span><span style=\"text-decoration: underline;\">vendedor<\/span><span style=\"text-decoration: underline;\">:<\/span> Sirve para que los potenciales compradores encuentren el o los art\u00edculos que desea vender de una forma m\u00e1s r\u00e1pida y c\u00f3moda. Ya que mi aviso estar\u00e1 disponible para ser localizado desde cualquier parte las 24 horas del d\u00eda.<\/p>\n<p>&nbsp;<\/p>\n<p><b>\u00bfComo est\u00e1 organizada esta secci\u00f3n de avisos Clasificados de NegociosHOY.com.uy?<\/b><\/p>\n<p><b><\/b>El orden es doble. Ya que los distintos avisos est\u00e1n separados por categor\u00edas y por ciudades. As\u00ed podr\u00e1 encontrar los diferentes avisos organizados por ciudades, por venta, alquiler, etc.<\/p>\n<p>&nbsp;<\/p>\n<p><b>\u00bfCu\u00e1l es el costo de publicar un aviso Clasificado en NegociosHOY.com.uy?<\/b><\/p>\n<p><b><\/b>Por ahora solo manejamos 2 precios:<\/p>\n<p>El precio para un aviso solicitando trabajo es de $100 (cien pesos uruguayos).<\/p>\n<p>El precio para un aviso de venta, alquiler u ofreciendo trabajo (con o sin fotos) es de $200 (ciento cincuenta pesos uruguayos).<\/p>\n<p>En los 2 casos el aviso se mantiene publicado durante 1 mes.<\/p>\n<p>&nbsp;<\/p>\n<p><b>\u00bfC\u00f3mo hago para publicar un aviso Clasificado?<\/b><\/p>\n<p><b><\/b>Para publicar un aviso, primeramente se debe abonar el mismo en CyberDVC (pegado a la Agencia de Chadre).<\/p>\n<p>&nbsp;<\/p>\n<p><b>\u00bfComo llega mi aviso al sitio?<\/b><\/p>\n<p>Luego de realizar el paso mencionado anteriormente su aviso se publicar\u00e1 en el sitio.<\/p>\n","protected":false},"excerpt":{"rendered":"<p>En estas l\u00edneas podr\u00e1 sacarse todas las dudas respecto a este sitio web, aunque en resumen le contamos que la secci\u00f3n de Avisos Clasificados de NegociosHOY.com.uy es el nexo entre las personas que deseen alquilar o vender alg\u00fan art\u00edculo y<span class=\"ellipsis\">&hellip;<\/span> <span class=\"read-more\"><a href=\"https:\/\/www.tararirashoy.com.uy\/clasificados\/?page_id=95\">Read more &#8250;<\/a><\/span><\/p>\n","protected":false},"author":2,"featured_media":0,"parent":0,"menu_order":0,"comment_status":"closed","ping_status":"closed","template":"","meta":{"ngg_post_thumbnail":0,"footnotes":""},"class_list":["post-95","page","type-page","status-publish","hentry"],"publishpress_future_workflow_manual_trigger":{"enabledWorkflows":[]},"_links":{"self":[{"href":"https:\/\/www.tararirashoy.com.uy\/clasificados\/index.php?rest_route=\/wp\/v2\/pages\/95","targetHints":{"allow":["GET"]}}],"collection":[{"href":"https:\/\/www.tararirashoy.com.uy\/clasificados\/index.php?rest_route=\/wp\/v2\/pages"}],"about":[{"href":"https:\/\/www.tararirashoy.com.uy\/clasificados\/index.php?rest_route=\/wp\/v2\/types\/page"}],"author":[{"embeddable":true,"href":"https:\/\/www.tararirashoy.com.uy\/clasificados\/index.php?rest_route=\/wp\/v2\/users\/2"}],"replies":[{"embeddable":true,"href":"https:\/\/www.tararirashoy.com.uy\/clasificados\/index.php?rest_route=%2Fwp%2Fv2%2Fcomments&post=95"}],"version-history":[{"count":2,"href":"https:\/\/www.tararirashoy.com.uy\/clasificados\/index.php?rest_route=\/wp\/v2\/pages\/95\/revisions"}],"predecessor-version":[{"id":1744,"href":"https:\/\/www.tararirashoy.com.uy\/clasificados\/index.php?rest_route=\/wp\/v2\/pages\/95\/revisions\/1744"}],"wp:attachment":[{"href":"https:\/\/www.tararirashoy.com.uy\/clasificados\/index.php?rest_route=%2Fwp%2Fv2%2Fmedia&parent=95"}],"curies":[{"name":"wp","href":"https:\/\/api.w.org\/{rel}","templated":true}]}}